{"id":10445,"date":"2023-04-25T06:37:47","date_gmt":"2023-04-25T06:37:47","guid":{"rendered":"https:\/\/vurtsid.ee\/?post_type=product&#038;p=10445"},"modified":"2026-03-11T05:20:47","modified_gmt":"2026-03-11T05:20:47","slug":"hiina-viie-vurtsi-segu-40g-3","status":"publish","type":"product","link":"https:\/\/vurtsid.ee\/et\/toode\/hiina-viie-vurtsi-segu-40g-3\/","title":{"rendered":"Hiina viie v\u00fcrtsi segu 40g"},"content":{"rendered":"","protected":false},"excerpt":{"rendered":"<p>Hiina ja Vietnami k\u00f6\u00f6gist p\u00e4rit v\u00fcrtsisegu kasutatakse linnu- ja sealiha ning mereandide maitsestamiseks. Samuti v\u00f5ib seda kasutada veiselihahautises ja lisada maiustustele.<\/p>\n<p>Koostisosad: kaneel, aniis, apteegitilliseemned, ingver, nelk<\/p>\n","protected":false},"featured_media":29359,"template":"","meta":{"_monsterinsights_skip_tracking":false,"_monsterinsights_sitenote_active":false,"_monsterinsights_sitenote_note":"","_monsterinsights_sitenote_category":0,"_uf_show_specific_survey":0,"_uf_disable_surveys":false},"product_brand":[],"product_cat":[98,87,86],"product_tag":[],"class_list":{"0":"post-10445","1":"product","2":"type-product","3":"status-publish","4":"has-post-thumbnail","6":"product_cat-aasia","7":"product_cat-maailma-maitsed","8":"product_cat-maitseainesegud","10":"first","11":"instock","12":"sale","13":"taxable","14":"shipping-taxable","15":"purchasable","16":"product-type-simple"},"aioseo_notices":[],"_links":{"self":[{"href":"https:\/\/vurtsid.ee\/et\/wp-json\/wp\/v2\/product\/10445","targetHints":{"allow":["GET"]}}],"collection":[{"href":"https:\/\/vurtsid.ee\/et\/wp-json\/wp\/v2\/product"}],"about":[{"href":"https:\/\/vurtsid.ee\/et\/wp-json\/wp\/v2\/types\/product"}],"version-history":[{"count":1,"href":"https:\/\/vurtsid.ee\/et\/wp-json\/wp\/v2\/product\/10445\/revisions"}],"predecessor-version":[{"id":29183,"href":"https:\/\/vurtsid.ee\/et\/wp-json\/wp\/v2\/product\/10445\/revisions\/29183"}],"wp:featuredmedia":[{"embeddable":true,"href":"https:\/\/vurtsid.ee\/et\/wp-json\/wp\/v2\/media\/29359"}],"wp:attachment":[{"href":"https:\/\/vurtsid.ee\/et\/wp-json\/wp\/v2\/media?parent=10445"}],"wp:term":[{"taxonomy":"product_brand","embeddable":true,"href":"https:\/\/vurtsid.ee\/et\/wp-json\/wp\/v2\/product_brand?post=10445"},{"taxonomy":"product_cat","embeddable":true,"href":"https:\/\/vurtsid.ee\/et\/wp-json\/wp\/v2\/product_cat?post=10445"},{"taxonomy":"product_tag","embeddable":true,"href":"https:\/\/vurtsid.ee\/et\/wp-json\/wp\/v2\/product_tag?post=10445"}],"curies":[{"name":"wp","href":"https:\/\/api.w.org\/{rel}","templated":true}]}}