{"id":10448,"date":"2023-04-25T06:37:48","date_gmt":"2023-04-25T06:37:48","guid":{"rendered":"https:\/\/vurtsid.ee\/?post_type=product&#038;p=10448"},"modified":"2026-03-26T05:18:21","modified_gmt":"2026-03-26T05:18:21","slug":"provence-urdisegu-20g-2-2","status":"publish","type":"product","link":"https:\/\/vurtsid.ee\/et\/toode\/provence-urdisegu-20g-2-2\/","title":{"rendered":"Provence \u00fcrdisegu 20g"},"content":{"rendered":"","protected":false},"excerpt":{"rendered":"<p>Prantsusep\u00e4rane &#8220;Provence&#8221; \u00fcrdisegu. Sobib lisamiseks pastale, pitsadele, panni- ja vormiroogadesse. Samuti sobib \u00fcrdisegu suurep\u00e4raselt liha ja kana maitsestamiseks. Koostisosad: rosmariin, pune, majoraan, petersell, basiilik<\/p>\n","protected":false},"featured_media":29401,"template":"","meta":{"_monsterinsights_skip_tracking":false,"_monsterinsights_sitenote_active":false,"_monsterinsights_sitenote_note":"","_monsterinsights_sitenote_category":0,"_uf_show_specific_survey":0,"_uf_disable_surveys":false},"product_brand":[],"product_cat":[104,89,86,105],"product_tag":[],"class_list":{"0":"post-10448","1":"product","2":"type-product","3":"status-publish","4":"has-post-thumbnail","6":"product_cat-lihatoidud","7":"product_cat-linnulihale","8":"product_cat-maitseainesegud","9":"product_cat-pitsa","11":"first","12":"instock","13":"taxable","14":"shipping-taxable","15":"purchasable","16":"product-type-simple"},"aioseo_notices":[],"_links":{"self":[{"href":"https:\/\/vurtsid.ee\/et\/wp-json\/wp\/v2\/product\/10448","targetHints":{"allow":["GET"]}}],"collection":[{"href":"https:\/\/vurtsid.ee\/et\/wp-json\/wp\/v2\/product"}],"about":[{"href":"https:\/\/vurtsid.ee\/et\/wp-json\/wp\/v2\/types\/product"}],"version-history":[{"count":1,"href":"https:\/\/vurtsid.ee\/et\/wp-json\/wp\/v2\/product\/10448\/revisions"}],"predecessor-version":[{"id":29184,"href":"https:\/\/vurtsid.ee\/et\/wp-json\/wp\/v2\/product\/10448\/revisions\/29184"}],"wp:featuredmedia":[{"embeddable":true,"href":"https:\/\/vurtsid.ee\/et\/wp-json\/wp\/v2\/media\/29401"}],"wp:attachment":[{"href":"https:\/\/vurtsid.ee\/et\/wp-json\/wp\/v2\/media?parent=10448"}],"wp:term":[{"taxonomy":"product_brand","embeddable":true,"href":"https:\/\/vurtsid.ee\/et\/wp-json\/wp\/v2\/product_brand?post=10448"},{"taxonomy":"product_cat","embeddable":true,"href":"https:\/\/vurtsid.ee\/et\/wp-json\/wp\/v2\/product_cat?post=10448"},{"taxonomy":"product_tag","embeddable":true,"href":"https:\/\/vurtsid.ee\/et\/wp-json\/wp\/v2\/product_tag?post=10448"}],"curies":[{"name":"wp","href":"https:\/\/api.w.org\/{rel}","templated":true}]}}