{"id":10455,"date":"2023-04-25T06:37:52","date_gmt":"2023-04-25T06:37:52","guid":{"rendered":"https:\/\/vurtsid.ee\/?post_type=product&#038;p=10455"},"modified":"2026-03-22T12:08:09","modified_gmt":"2026-03-22T12:08:09","slug":"vurts-50g-2","status":"publish","type":"product","link":"https:\/\/vurtsid.ee\/et\/toode\/vurts-50g-2\/","title":{"rendered":"V\u00fcrts 40g"},"content":{"rendered":"","protected":false},"excerpt":{"rendered":"<p>Kasutatakse laialdaselt Kariibidel. Maitselt meenutab nelgi, kaneeli ja muskaatp\u00e4hkli piprast segu. V\u00fcrtsi kasutatakse keedetud v\u00f5i hautatud liha, keedetud kala, suppides, pajaroogades, karrikastmetes, puuviljakookide, ket\u0161upis, marinaadides ja vorstis.<\/p>\n","protected":false},"featured_media":29945,"template":"","meta":{"_monsterinsights_skip_tracking":false,"_monsterinsights_sitenote_active":false,"_monsterinsights_sitenote_note":"","_monsterinsights_sitenote_category":0,"_uf_show_specific_survey":0,"_uf_disable_surveys":false},"product_brand":[],"product_cat":[119,91],"product_tag":[],"class_list":{"0":"post-10455","1":"product","2":"type-product","3":"status-publish","4":"has-post-thumbnail","6":"product_cat-nostalgia","7":"product_cat-piprad","9":"first","10":"instock","11":"taxable","12":"shipping-taxable","13":"purchasable","14":"product-type-simple"},"aioseo_notices":[],"_links":{"self":[{"href":"https:\/\/vurtsid.ee\/et\/wp-json\/wp\/v2\/product\/10455","targetHints":{"allow":["GET"]}}],"collection":[{"href":"https:\/\/vurtsid.ee\/et\/wp-json\/wp\/v2\/product"}],"about":[{"href":"https:\/\/vurtsid.ee\/et\/wp-json\/wp\/v2\/types\/product"}],"version-history":[{"count":1,"href":"https:\/\/vurtsid.ee\/et\/wp-json\/wp\/v2\/product\/10455\/revisions"}],"predecessor-version":[{"id":29188,"href":"https:\/\/vurtsid.ee\/et\/wp-json\/wp\/v2\/product\/10455\/revisions\/29188"}],"wp:featuredmedia":[{"embeddable":true,"href":"https:\/\/vurtsid.ee\/et\/wp-json\/wp\/v2\/media\/29945"}],"wp:attachment":[{"href":"https:\/\/vurtsid.ee\/et\/wp-json\/wp\/v2\/media?parent=10455"}],"wp:term":[{"taxonomy":"product_brand","embeddable":true,"href":"https:\/\/vurtsid.ee\/et\/wp-json\/wp\/v2\/product_brand?post=10455"},{"taxonomy":"product_cat","embeddable":true,"href":"https:\/\/vurtsid.ee\/et\/wp-json\/wp\/v2\/product_cat?post=10455"},{"taxonomy":"product_tag","embeddable":true,"href":"https:\/\/vurtsid.ee\/et\/wp-json\/wp\/v2\/product_tag?post=10455"}],"curies":[{"name":"wp","href":"https:\/\/api.w.org\/{rel}","templated":true}]}}