{"id":10459,"date":"2023-04-25T06:37:52","date_gmt":"2023-04-25T06:37:52","guid":{"rendered":"https:\/\/vurtsid.ee\/?post_type=product&#038;p=10459"},"modified":"2026-03-22T11:39:58","modified_gmt":"2026-03-22T11:39:58","slug":"kaneel-jahvatatud-50g-3-2","status":"publish","type":"product","link":"https:\/\/vurtsid.ee\/et\/toode\/kaneel-jahvatatud-50g-3-2\/","title":{"rendered":"Kaneel jahvatatud 50g"},"content":{"rendered":"","protected":false},"excerpt":{"rendered":"<p>Kaneeli kasutatakse palju India k\u00f6\u00f6gis. Sobib suurep\u00e4raselt riisi- ja mannapudru, kookide, kuklite ja muude k\u00fcpsetiste ning puuviljasalatite maitsestamiseks.<\/p>\n","protected":false},"featured_media":29929,"template":"","meta":{"_monsterinsights_skip_tracking":false,"_monsterinsights_sitenote_active":false,"_monsterinsights_sitenote_note":"","_monsterinsights_sitenote_category":0,"_uf_show_specific_survey":0,"_uf_disable_surveys":false},"product_brand":[],"product_cat":[119,94],"product_tag":[],"class_list":{"0":"post-10459","1":"product","2":"type-product","3":"status-publish","4":"has-post-thumbnail","6":"product_cat-nostalgia","7":"product_cat-puhtad-maitseained","9":"first","10":"instock","11":"taxable","12":"shipping-taxable","13":"purchasable","14":"product-type-simple"},"aioseo_notices":[],"_links":{"self":[{"href":"https:\/\/vurtsid.ee\/et\/wp-json\/wp\/v2\/product\/10459","targetHints":{"allow":["GET"]}}],"collection":[{"href":"https:\/\/vurtsid.ee\/et\/wp-json\/wp\/v2\/product"}],"about":[{"href":"https:\/\/vurtsid.ee\/et\/wp-json\/wp\/v2\/types\/product"}],"version-history":[{"count":2,"href":"https:\/\/vurtsid.ee\/et\/wp-json\/wp\/v2\/product\/10459\/revisions"}],"predecessor-version":[{"id":29934,"href":"https:\/\/vurtsid.ee\/et\/wp-json\/wp\/v2\/product\/10459\/revisions\/29934"}],"wp:featuredmedia":[{"embeddable":true,"href":"https:\/\/vurtsid.ee\/et\/wp-json\/wp\/v2\/media\/29929"}],"wp:attachment":[{"href":"https:\/\/vurtsid.ee\/et\/wp-json\/wp\/v2\/media?parent=10459"}],"wp:term":[{"taxonomy":"product_brand","embeddable":true,"href":"https:\/\/vurtsid.ee\/et\/wp-json\/wp\/v2\/product_brand?post=10459"},{"taxonomy":"product_cat","embeddable":true,"href":"https:\/\/vurtsid.ee\/et\/wp-json\/wp\/v2\/product_cat?post=10459"},{"taxonomy":"product_tag","embeddable":true,"href":"https:\/\/vurtsid.ee\/et\/wp-json\/wp\/v2\/product_tag?post=10459"}],"curies":[{"name":"wp","href":"https:\/\/api.w.org\/{rel}","templated":true}]}}