{"id":11128,"date":"2023-05-29T09:37:38","date_gmt":"2023-05-29T09:37:38","guid":{"rendered":"https:\/\/vurtsid.ee\/?post_type=product&#038;p=11128"},"modified":"2026-03-26T05:04:47","modified_gmt":"2026-03-26T05:04:47","slug":"nostalgia-topside-komplekti-6tk","status":"publish","type":"product","link":"https:\/\/vurtsid.ee\/et\/toode\/nostalgia-topside-komplekti-6tk\/","title":{"rendered":"Nostalgia maitseainesegu komplekt &#8211; LIHALE, KANALE, KALALE, SALATILE, SOOL, PIPAR"},"content":{"rendered":"<p>Nostalgia maitseainesegu komplekt sisaldab 6 klassikalist segu lihale, kanale, kalale, salatile, soolale ja pipraga. K\u00f5ik nostalgia maitseainesegu komplekti segud on valmistatud naturaalsest toorainest ilma E-ainete ja kunstlike lisanditeta. Nostalgia maitseainesegu komplekt sobib igap\u00e4evaseks kasutamiseks ning on praktiline kinkeidee k\u00f6\u00f6gis\u00f5brale.<\/p>\n<ul>\n<li><em><strong>Cajuni maitseainesegu l\u00f5hele 45g<\/strong><\/em> &#8211; Sobib h\u00e4sti kr\u00f5beda kala maitsestamiseks. V\u00f5ib kasutada kala grillimisel, ahjus valmistamisel v\u00f5i praadimisel. Koostisosad: sool, till, petersell, suhkur, sidruni hape, must pipar, rapsi \u00f5li, k\u00fc\u00fcslauk, sibul, kurkum, sinepipulber.<\/li>\n<li><em><strong>Maitseainesegu sealihale 40g &#8211; <\/strong><\/em>Maitseainesegu on m\u00f5eldud ahju- ja grill liha maitsestamiseks. Koostisosad: meresool, t\u0161illi, must pipar, sibul, k\u00fc\u00fcslauk, sinepiseemned, loorber, paprika, ingver, t\u00fc\u00fcmian, koriander, salvei.<\/li>\n<li><em><strong>H\u00f5rk maitseainesegu kanale 45g &#8211; <\/strong><\/em>M\u00f5eldud suus sulava ahjukana maitsestamiseks. On meeldivalt h\u00f5rgu l\u00f5hna ja maitsega. Koostisosad: meresool, paprika, must pipar, sibul, k\u00fc\u00fcslauk, pune, v\u00fcrtsk\u00f6\u00f6mned, t\u0161illi.<\/li>\n<li><em><strong>Salati maitseainesegu \u00fcrtidega 35g &#8211; <\/strong><\/em>Annab salatile rikkaliku \u00fcrdise maitse. Kasutatakse toorsalatite maitsestamiseks. Koostisosad: meresool, pune, sibul, petersell, suhkur, k\u00fc\u00fcslauk, must pipar, basiilik, seller, t\u00fc\u00fcmian.<\/li>\n<li><em><strong>Jahvatatud must pipar 50g &#8211;\u00a0 <\/strong><\/em>Must pipar on maailma enim kaubeldud v\u00fcrtse. See on \u00fcks levinumaid v\u00fcrtse Euroopa k\u00f6\u00f6gis. On \u00fcldlevinud t\u00e4nap\u00e4eva maailmas, sageli seotud soolaga<\/li>\n<li><em><strong>Meresool jahvatatud 90g<\/strong><\/em><\/li>\n<\/ul>\n<div>\n<p class=\"font-claude-response-body break-words whitespace-normal leading-[1.7]\">Nostalgia maitseainesegu komplekt on suurep\u00e4rane kinkeidee igale k\u00f6\u00f6gis\u00f5brale \u2014 olgu selleks s\u00fcnnip\u00e4ev, j\u00f5ulud v\u00f5i m\u00f5ni muu t\u00e4htp\u00e4ev. Komplekt on kaunilt pakendatud ja valmis kinkimiseks.<\/p>\n<p class=\"font-claude-response-body break-words whitespace-normal leading-[1.7]\">K\u00f5ik vurtsid.ee tooted on valmistatud Eestis, kasutades looduslikke tooraineid. Meie maitseainesegud ei sisalda E-aineid, kunstlikke v\u00e4rvaineid ega s\u00e4ilitusaineid.<\/p>\n<p>&nbsp;<\/p>\n<\/div>\n<div><\/div>\n","protected":false},"excerpt":{"rendered":"<p>Nostalgia maitseainesegu komplekt &#8211; sisaldab 6 klassikalist segu \u2014 lihale, kanale, kalale, salatile, soolale ja pipraga. K\u00f5ik segud on valmistatud naturaalsest toorainest ilma E-ainete ja kunstlike lisanditeta. Komplekt toob lauale eesti k\u00f6\u00f6gis armastatud klassikalised maitsed ning sobib suurep\u00e4raselt igap\u00e4evaseks kasutamiseks. Nostalgia maitseainesegu komplekt on ka kaunis ja praktiline kinkeidee igale k\u00f6\u00f6gis\u00f5brale!<\/p>\n<div><\/div>\n","protected":false},"featured_media":29334,"template":"","meta":{"_monsterinsights_skip_tracking":false,"_monsterinsights_sitenote_active":false,"_monsterinsights_sitenote_note":"","_monsterinsights_sitenote_category":0,"_uf_show_specific_survey":0,"_uf_disable_surveys":false},"product_brand":[],"product_cat":[131,86,119],"product_tag":[],"class_list":{"0":"post-11128","1":"product","2":"type-product","3":"status-publish","4":"has-post-thumbnail","6":"product_cat-kinkekarbid","7":"product_cat-maitseainesegud","8":"product_cat-nostalgia","10":"first","11":"instock","12":"sale","13":"taxable","14":"shipping-taxable","15":"purchasable","16":"product-type-simple"},"aioseo_notices":[],"_links":{"self":[{"href":"https:\/\/vurtsid.ee\/et\/wp-json\/wp\/v2\/product\/11128","targetHints":{"allow":["GET"]}}],"collection":[{"href":"https:\/\/vurtsid.ee\/et\/wp-json\/wp\/v2\/product"}],"about":[{"href":"https:\/\/vurtsid.ee\/et\/wp-json\/wp\/v2\/types\/product"}],"version-history":[{"count":16,"href":"https:\/\/vurtsid.ee\/et\/wp-json\/wp\/v2\/product\/11128\/revisions"}],"predecessor-version":[{"id":29982,"href":"https:\/\/vurtsid.ee\/et\/wp-json\/wp\/v2\/product\/11128\/revisions\/29982"}],"wp:featuredmedia":[{"embeddable":true,"href":"https:\/\/vurtsid.ee\/et\/wp-json\/wp\/v2\/media\/29334"}],"wp:attachment":[{"href":"https:\/\/vurtsid.ee\/et\/wp-json\/wp\/v2\/media?parent=11128"}],"wp:term":[{"taxonomy":"product_brand","embeddable":true,"href":"https:\/\/vurtsid.ee\/et\/wp-json\/wp\/v2\/product_brand?post=11128"},{"taxonomy":"product_cat","embeddable":true,"href":"https:\/\/vurtsid.ee\/et\/wp-json\/wp\/v2\/product_cat?post=11128"},{"taxonomy":"product_tag","embeddable":true,"href":"https:\/\/vurtsid.ee\/et\/wp-json\/wp\/v2\/product_tag?post=11128"}],"curies":[{"name":"wp","href":"https:\/\/api.w.org\/{rel}","templated":true}]}}