{"id":11189,"date":"2023-06-13T06:41:13","date_gmt":"2023-06-13T06:41:13","guid":{"rendered":"https:\/\/vurtsid.ee\/?post_type=product&#038;p=11189"},"modified":"2026-03-26T05:18:21","modified_gmt":"2026-03-26T05:18:21","slug":"maitsesegu-krobe-kala-50g","status":"publish","type":"product","link":"https:\/\/vurtsid.ee\/et\/toode\/maitsesegu-krobe-kala-50g\/","title":{"rendered":"Maitsesegu &#8220;Kr\u00f5be Kala&#8221; 40g"},"content":{"rendered":"","protected":false},"excerpt":{"rendered":"<p>Sobib h\u00e4sti kr\u00f5beda kala maitsestamiseks. V\u00f5ib kasutada kala grillimisel, ahjus valmistamisel v\u00f5i praadimisel.<\/p>\n<p>Koostisosad: sool, till, petersell, suhkur, sidruni hape, must pipar, rapsi \u00f5li, k\u00fc\u00fcslauk, sibul, kurkum, sinepipulber.<\/p>\n","protected":false},"featured_media":29389,"template":"","meta":{"_monsterinsights_skip_tracking":false,"_monsterinsights_sitenote_active":false,"_monsterinsights_sitenote_note":"","_monsterinsights_sitenote_category":0,"_uf_show_specific_survey":0,"_uf_disable_surveys":false},"product_brand":[],"product_cat":[101,86],"product_tag":[],"class_list":{"0":"post-11189","1":"product","2":"type-product","3":"status-publish","4":"has-post-thumbnail","6":"product_cat-kalale","7":"product_cat-maitseainesegud","9":"first","10":"instock","11":"taxable","12":"shipping-taxable","13":"purchasable","14":"product-type-simple"},"aioseo_notices":[],"_links":{"self":[{"href":"https:\/\/vurtsid.ee\/et\/wp-json\/wp\/v2\/product\/11189","targetHints":{"allow":["GET"]}}],"collection":[{"href":"https:\/\/vurtsid.ee\/et\/wp-json\/wp\/v2\/product"}],"about":[{"href":"https:\/\/vurtsid.ee\/et\/wp-json\/wp\/v2\/types\/product"}],"version-history":[{"count":1,"href":"https:\/\/vurtsid.ee\/et\/wp-json\/wp\/v2\/product\/11189\/revisions"}],"predecessor-version":[{"id":29196,"href":"https:\/\/vurtsid.ee\/et\/wp-json\/wp\/v2\/product\/11189\/revisions\/29196"}],"wp:featuredmedia":[{"embeddable":true,"href":"https:\/\/vurtsid.ee\/et\/wp-json\/wp\/v2\/media\/29389"}],"wp:attachment":[{"href":"https:\/\/vurtsid.ee\/et\/wp-json\/wp\/v2\/media?parent=11189"}],"wp:term":[{"taxonomy":"product_brand","embeddable":true,"href":"https:\/\/vurtsid.ee\/et\/wp-json\/wp\/v2\/product_brand?post=11189"},{"taxonomy":"product_cat","embeddable":true,"href":"https:\/\/vurtsid.ee\/et\/wp-json\/wp\/v2\/product_cat?post=11189"},{"taxonomy":"product_tag","embeddable":true,"href":"https:\/\/vurtsid.ee\/et\/wp-json\/wp\/v2\/product_tag?post=11189"}],"curies":[{"name":"wp","href":"https:\/\/api.w.org\/{rel}","templated":true}]}}