{"id":11238,"date":"2023-07-07T14:07:12","date_gmt":"2023-07-07T14:07:12","guid":{"rendered":"https:\/\/vurtsid.ee\/?post_type=product&#038;p=11238"},"modified":"2026-03-09T16:53:55","modified_gmt":"2026-03-09T16:53:55","slug":"kebabi-maitseainesegu-50g","status":"publish","type":"product","link":"https:\/\/vurtsid.ee\/et\/toode\/kebabi-maitseainesegu-50g\/","title":{"rendered":"Kebabi maitseainesegu 50g"},"content":{"rendered":"<p>Kebabi maitseainesegu viib teid r\u00e4nnakule L\u00e4his-Itta, pakkudes huvitavaid ja h\u00f5rgutavaid elamusi. Sobib peale kebabi ja kebabikastme suurep\u00e4raselt ka praekana ja marinaadi valmistamiseks.<\/p>\n<p>Koostisosad: paprika, v\u00fcrtsk\u00f6\u00f6mned, meresool (15%), must pipar, koriander, k\u00fc\u00fcslauk, kurkum kaneel, m\u00fcnt.<\/p>\n","protected":false},"excerpt":{"rendered":"<p>Kebabi maitseainesegu viib teid r\u00e4nnakule L\u00e4his-Itta, pakkudes huvitavaid ja h\u00f5rgutavaid elamusi. Sobib peale kebabi ja kebabikastme suurep\u00e4raselt ka praekana ja<\/p>\n","protected":false},"featured_media":29487,"template":"","meta":{"_monsterinsights_skip_tracking":false,"_monsterinsights_sitenote_active":false,"_monsterinsights_sitenote_note":"","_monsterinsights_sitenote_category":0,"_uf_show_specific_survey":0,"_uf_disable_surveys":false},"product_brand":[],"product_cat":[104,89,86,124],"product_tag":[],"class_list":{"0":"post-11238","1":"product","2":"type-product","3":"status-publish","4":"has-post-thumbnail","6":"product_cat-lihatoidud","7":"product_cat-linnulihale","8":"product_cat-maitseainesegud","9":"product_cat-turgi","11":"first","12":"instock","13":"taxable","14":"shipping-taxable","15":"purchasable","16":"product-type-simple"},"aioseo_notices":[],"_links":{"self":[{"href":"https:\/\/vurtsid.ee\/et\/wp-json\/wp\/v2\/product\/11238","targetHints":{"allow":["GET"]}}],"collection":[{"href":"https:\/\/vurtsid.ee\/et\/wp-json\/wp\/v2\/product"}],"about":[{"href":"https:\/\/vurtsid.ee\/et\/wp-json\/wp\/v2\/types\/product"}],"version-history":[{"count":1,"href":"https:\/\/vurtsid.ee\/et\/wp-json\/wp\/v2\/product\/11238\/revisions"}],"predecessor-version":[{"id":29198,"href":"https:\/\/vurtsid.ee\/et\/wp-json\/wp\/v2\/product\/11238\/revisions\/29198"}],"wp:featuredmedia":[{"embeddable":true,"href":"https:\/\/vurtsid.ee\/et\/wp-json\/wp\/v2\/media\/29487"}],"wp:attachment":[{"href":"https:\/\/vurtsid.ee\/et\/wp-json\/wp\/v2\/media?parent=11238"}],"wp:term":[{"taxonomy":"product_brand","embeddable":true,"href":"https:\/\/vurtsid.ee\/et\/wp-json\/wp\/v2\/product_brand?post=11238"},{"taxonomy":"product_cat","embeddable":true,"href":"https:\/\/vurtsid.ee\/et\/wp-json\/wp\/v2\/product_cat?post=11238"},{"taxonomy":"product_tag","embeddable":true,"href":"https:\/\/vurtsid.ee\/et\/wp-json\/wp\/v2\/product_tag?post=11238"}],"curies":[{"name":"wp","href":"https:\/\/api.w.org\/{rel}","templated":true}]}}