{"id":11241,"date":"2023-07-07T14:10:41","date_gmt":"2023-07-07T14:10:41","guid":{"rendered":"https:\/\/vurtsid.ee\/?post_type=product&#038;p=11241"},"modified":"2026-03-09T16:51:53","modified_gmt":"2026-03-09T16:51:53","slug":"hiina-viie-vurtsi-segu-40g","status":"publish","type":"product","link":"https:\/\/vurtsid.ee\/et\/toode\/hiina-viie-vurtsi-segu-40g\/","title":{"rendered":"Hiina viie v\u00fcrtsi segu 40g"},"content":{"rendered":"","protected":false},"excerpt":{"rendered":"<p>Hiina ja Vietnami k\u00f6\u00f6gist p\u00e4rit v\u00fcrtsisegu kasutatakse linnu- ja sealiha ning mereandide maitsestamiseks. Samuti v\u00f5ib seda kasutada veiselihahautises ja lisada maiustustele.<\/p>\n<p>Koostisosad: kaneel, aniis, apteegitilliseemned, ingver, nelk<\/p>\n","protected":false},"featured_media":29601,"template":"","meta":{"_monsterinsights_skip_tracking":false,"_monsterinsights_sitenote_active":false,"_monsterinsights_sitenote_note":"","_monsterinsights_sitenote_category":0,"_uf_show_specific_survey":0,"_uf_disable_surveys":false},"product_brand":[],"product_cat":[98,104,89,86],"product_tag":[],"class_list":{"0":"post-11241","1":"product","2":"type-product","3":"status-publish","4":"has-post-thumbnail","6":"product_cat-aasia","7":"product_cat-lihatoidud","8":"product_cat-linnulihale","9":"product_cat-maitseainesegud","11":"first","12":"instock","13":"taxable","14":"shipping-taxable","15":"purchasable","16":"product-type-simple"},"aioseo_notices":[],"_links":{"self":[{"href":"https:\/\/vurtsid.ee\/et\/wp-json\/wp\/v2\/product\/11241","targetHints":{"allow":["GET"]}}],"collection":[{"href":"https:\/\/vurtsid.ee\/et\/wp-json\/wp\/v2\/product"}],"about":[{"href":"https:\/\/vurtsid.ee\/et\/wp-json\/wp\/v2\/types\/product"}],"version-history":[{"count":3,"href":"https:\/\/vurtsid.ee\/et\/wp-json\/wp\/v2\/product\/11241\/revisions"}],"predecessor-version":[{"id":29603,"href":"https:\/\/vurtsid.ee\/et\/wp-json\/wp\/v2\/product\/11241\/revisions\/29603"}],"wp:featuredmedia":[{"embeddable":true,"href":"https:\/\/vurtsid.ee\/et\/wp-json\/wp\/v2\/media\/29601"}],"wp:attachment":[{"href":"https:\/\/vurtsid.ee\/et\/wp-json\/wp\/v2\/media?parent=11241"}],"wp:term":[{"taxonomy":"product_brand","embeddable":true,"href":"https:\/\/vurtsid.ee\/et\/wp-json\/wp\/v2\/product_brand?post=11241"},{"taxonomy":"product_cat","embeddable":true,"href":"https:\/\/vurtsid.ee\/et\/wp-json\/wp\/v2\/product_cat?post=11241"},{"taxonomy":"product_tag","embeddable":true,"href":"https:\/\/vurtsid.ee\/et\/wp-json\/wp\/v2\/product_tag?post=11241"}],"curies":[{"name":"wp","href":"https:\/\/api.w.org\/{rel}","templated":true}]}}