{"id":11631,"date":"2024-01-15T17:30:54","date_gmt":"2024-01-15T17:30:54","guid":{"rendered":"https:\/\/vurtsid.ee\/?post_type=product&#038;p=11631"},"modified":"2026-03-03T12:54:41","modified_gmt":"2026-03-03T12:54:41","slug":"rosmariin-20g","status":"publish","type":"product","link":"https:\/\/vurtsid.ee\/et\/toode\/rosmariin-20g\/","title":{"rendered":"Rosmariin 20g"},"content":{"rendered":"","protected":false},"excerpt":{"rendered":"<p>Omap\u00e4rase, veidi kampri-m\u00e4nniokka l\u00f5hna meenutava ning kibe-m\u00f5ru v\u00fcrtsika maitsega Vahemeremaadelt p\u00e4rinev maitsetaim. Rosmariini kasutatakse tugeva maitselistes toitudes. Sobib eelk\u00f5ige lamba-, vasika- ja kanaliha juurde. Eriti h\u00e4sti sobib rosmariin ulukilihast toitudesse.<\/p>\n","protected":false},"featured_media":0,"template":"","meta":{"_monsterinsights_skip_tracking":false,"_monsterinsights_sitenote_active":false,"_monsterinsights_sitenote_note":"","_monsterinsights_sitenote_category":0,"_uf_show_specific_survey":0,"_uf_disable_surveys":false},"product_brand":[],"product_cat":[94],"product_tag":[],"class_list":{"0":"post-11631","1":"product","2":"type-product","3":"status-publish","5":"product_cat-puhtad-maitseained","7":"first","8":"instock","9":"taxable","10":"shipping-taxable","11":"purchasable","12":"product-type-simple"},"aioseo_notices":[],"_links":{"self":[{"href":"https:\/\/vurtsid.ee\/et\/wp-json\/wp\/v2\/product\/11631","targetHints":{"allow":["GET"]}}],"collection":[{"href":"https:\/\/vurtsid.ee\/et\/wp-json\/wp\/v2\/product"}],"about":[{"href":"https:\/\/vurtsid.ee\/et\/wp-json\/wp\/v2\/types\/product"}],"version-history":[{"count":1,"href":"https:\/\/vurtsid.ee\/et\/wp-json\/wp\/v2\/product\/11631\/revisions"}],"predecessor-version":[{"id":29203,"href":"https:\/\/vurtsid.ee\/et\/wp-json\/wp\/v2\/product\/11631\/revisions\/29203"}],"wp:attachment":[{"href":"https:\/\/vurtsid.ee\/et\/wp-json\/wp\/v2\/media?parent=11631"}],"wp:term":[{"taxonomy":"product_brand","embeddable":true,"href":"https:\/\/vurtsid.ee\/et\/wp-json\/wp\/v2\/product_brand?post=11631"},{"taxonomy":"product_cat","embeddable":true,"href":"https:\/\/vurtsid.ee\/et\/wp-json\/wp\/v2\/product_cat?post=11631"},{"taxonomy":"product_tag","embeddable":true,"href":"https:\/\/vurtsid.ee\/et\/wp-json\/wp\/v2\/product_tag?post=11631"}],"curies":[{"name":"wp","href":"https:\/\/api.w.org\/{rel}","templated":true}]}}