{"id":15875,"date":"2024-04-05T13:38:34","date_gmt":"2024-04-05T13:38:34","guid":{"rendered":"https:\/\/vurtsid.ee\/?post_type=product&#038;p=15875"},"modified":"2026-03-26T05:18:21","modified_gmt":"2026-03-26T05:18:21","slug":"vurtsisegu-adzika-50g","status":"publish","type":"product","link":"https:\/\/vurtsid.ee\/et\/toode\/vurtsisegu-adzika-50g\/","title":{"rendered":"V\u00fcrtsisegu \u201cAdzika\u201d 50g"},"content":{"rendered":"","protected":false},"excerpt":{"rendered":"<p>Ad\u017eika pulber on traditsioonilisetel viisidel Gruusias valmistatud meile h\u00e4sti tuntud terava Gruusia kastme p\u00f5hikoostisosa. Sellest on teil v\u00f5imalik segada omale sobiva teravusastmega kaste koos tomatite ja\/v\u00f5i muude aedviljadega v\u00f5i siis kasutada lihtsalt lihatoitude maitsestamiseks \u2013 hautised, grillmarinaadid, ahjuroad.<\/p>\n<p>Koostisosad: sool, roheline paprika,, koriander, t\u0161illi, till, petersell<\/p>\n","protected":false},"featured_media":0,"template":"","meta":{"_monsterinsights_skip_tracking":false,"_monsterinsights_sitenote_active":false,"_monsterinsights_sitenote_note":"","_monsterinsights_sitenote_category":0,"_uf_show_specific_survey":0,"_uf_disable_surveys":false},"product_brand":[],"product_cat":[99,104,89,87,86],"product_tag":[],"class_list":{"0":"post-15875","1":"product","2":"type-product","3":"status-publish","5":"product_cat-gruusia","6":"product_cat-lihatoidud","7":"product_cat-linnulihale","8":"product_cat-maailma-maitsed","9":"product_cat-maitseainesegud","11":"first","12":"instock","13":"taxable","14":"shipping-taxable","15":"purchasable","16":"product-type-simple"},"aioseo_notices":[],"_links":{"self":[{"href":"https:\/\/vurtsid.ee\/et\/wp-json\/wp\/v2\/product\/15875","targetHints":{"allow":["GET"]}}],"collection":[{"href":"https:\/\/vurtsid.ee\/et\/wp-json\/wp\/v2\/product"}],"about":[{"href":"https:\/\/vurtsid.ee\/et\/wp-json\/wp\/v2\/types\/product"}],"version-history":[{"count":1,"href":"https:\/\/vurtsid.ee\/et\/wp-json\/wp\/v2\/product\/15875\/revisions"}],"predecessor-version":[{"id":29206,"href":"https:\/\/vurtsid.ee\/et\/wp-json\/wp\/v2\/product\/15875\/revisions\/29206"}],"wp:attachment":[{"href":"https:\/\/vurtsid.ee\/et\/wp-json\/wp\/v2\/media?parent=15875"}],"wp:term":[{"taxonomy":"product_brand","embeddable":true,"href":"https:\/\/vurtsid.ee\/et\/wp-json\/wp\/v2\/product_brand?post=15875"},{"taxonomy":"product_cat","embeddable":true,"href":"https:\/\/vurtsid.ee\/et\/wp-json\/wp\/v2\/product_cat?post=15875"},{"taxonomy":"product_tag","embeddable":true,"href":"https:\/\/vurtsid.ee\/et\/wp-json\/wp\/v2\/product_tag?post=15875"}],"curies":[{"name":"wp","href":"https:\/\/api.w.org\/{rel}","templated":true}]}}