{"id":16769,"date":"2024-12-16T06:36:36","date_gmt":"2024-12-16T06:36:36","guid":{"rendered":"https:\/\/vurtsid.ee\/?post_type=product&#038;p=16769"},"modified":"2026-03-09T16:55:02","modified_gmt":"2026-03-09T16:55:02","slug":"koreaparase-porgandisalati-vurtsisegu-50g","status":"publish","type":"product","link":"https:\/\/vurtsid.ee\/et\/toode\/koreaparase-porgandisalati-vurtsisegu-50g\/","title":{"rendered":"Koreap\u00e4rase porgandisalati v\u00fcrtsisegu 50g"},"content":{"rendered":"","protected":false},"excerpt":{"rendered":"<p>Koreap\u00e4rane porgandisalat lisab teie toidulauale s\u00e4rtsakust, olles t\u00e4nu k\u00fc\u00fcslaugule, t\u0161illile ja koriandrile terav ja maitsek\u00fcllane. Lisage riivitud porgandile maitse j\u00e4rgi ka \u00e4\u00e4dikat ja natuke \u00f5li. Koostisosad: koriander, t\u0161illi, k\u00fc\u00fcslauk, pruun suhkur, porgand<\/p>\n","protected":false},"featured_media":29485,"template":"","meta":{"_monsterinsights_skip_tracking":false,"_monsterinsights_sitenote_active":false,"_monsterinsights_sitenote_note":"","_monsterinsights_sitenote_category":0,"_uf_show_specific_survey":0,"_uf_disable_surveys":false},"product_brand":[],"product_cat":[127,87,86,102],"product_tag":[],"class_list":{"0":"post-16769","1":"product","2":"type-product","3":"status-publish","4":"has-post-thumbnail","6":"product_cat-korea","7":"product_cat-maailma-maitsed","8":"product_cat-maitseainesegud","9":"product_cat-salatid","11":"first","12":"instock","13":"taxable","14":"shipping-taxable","15":"purchasable","16":"product-type-simple"},"aioseo_notices":[],"_links":{"self":[{"href":"https:\/\/vurtsid.ee\/et\/wp-json\/wp\/v2\/product\/16769","targetHints":{"allow":["GET"]}}],"collection":[{"href":"https:\/\/vurtsid.ee\/et\/wp-json\/wp\/v2\/product"}],"about":[{"href":"https:\/\/vurtsid.ee\/et\/wp-json\/wp\/v2\/types\/product"}],"version-history":[{"count":1,"href":"https:\/\/vurtsid.ee\/et\/wp-json\/wp\/v2\/product\/16769\/revisions"}],"predecessor-version":[{"id":29210,"href":"https:\/\/vurtsid.ee\/et\/wp-json\/wp\/v2\/product\/16769\/revisions\/29210"}],"wp:featuredmedia":[{"embeddable":true,"href":"https:\/\/vurtsid.ee\/et\/wp-json\/wp\/v2\/media\/29485"}],"wp:attachment":[{"href":"https:\/\/vurtsid.ee\/et\/wp-json\/wp\/v2\/media?parent=16769"}],"wp:term":[{"taxonomy":"product_brand","embeddable":true,"href":"https:\/\/vurtsid.ee\/et\/wp-json\/wp\/v2\/product_brand?post=16769"},{"taxonomy":"product_cat","embeddable":true,"href":"https:\/\/vurtsid.ee\/et\/wp-json\/wp\/v2\/product_cat?post=16769"},{"taxonomy":"product_tag","embeddable":true,"href":"https:\/\/vurtsid.ee\/et\/wp-json\/wp\/v2\/product_tag?post=16769"}],"curies":[{"name":"wp","href":"https:\/\/api.w.org\/{rel}","templated":true}]}}