{"id":17547,"date":"2026-02-16T06:41:15","date_gmt":"2026-02-16T06:41:15","guid":{"rendered":"https:\/\/vurtsid.ee\/?post_type=product&#038;p=17547"},"modified":"2026-03-03T14:24:45","modified_gmt":"2026-03-03T14:24:45","slug":"eesti-maitsed-praktiline-maitsekingitus-igasse-kooki","status":"publish","type":"product","link":"https:\/\/vurtsid.ee\/et\/toode\/eesti-maitsed-praktiline-maitsekingitus-igasse-kooki\/","title":{"rendered":"Eesti Maitsed \u2013 praktiline maitsekingitus igasse k\u00f6\u00f6ki."},"content":{"rendered":"<ul>\n<li><em><strong>Aedvilja maitseainesegu &#8211; <\/strong><\/em>See h\u00e4sti tasakaalustatud, hoolikalt valitud komponentide kooslus annab aedviljatoitudele m\u00f5nusa aroomi ja t\u00f5eliselt koduse maitse. Sobib suurep\u00e4raselt ahju-, panni- ja pajaroogadesse. Ideaalne iga eestlase toidulaual. Koostisosad: r\u00f6stitud sibul, k\u00fc\u00fcslauk, sinepiseemned, petersell, t\u00fc\u00fcmian, must pipar, meresool, loorber.<\/li>\n<li><em><strong>Kartuli\u00a0 maitsesool &#8211; <\/strong><\/em>See h\u00e4sti tasakaalustatud, hoolikalt valitud komponentide kooslus annab frii-, ahju- ja kauboikartulitele kuldse v\u00e4rvuse, m\u00f5nusalt paprikase aroomi ning t\u00f5eliselt koduse pehme maitse. Ideaalne iga eestlase toidulaual. Koostisosad: meresool, suhkur, paprikapulber, kurkum, sibul, k\u00fc\u00fcslauk.<\/li>\n<li><em><em><strong>Kala maitsesool &#8211; <\/strong><\/em><\/em>See h\u00e4sti tasakaalustatud, hoolikalt valitud komponentide kooslus sobib suurep\u00e4raselt kr\u00f5beda kala valmistamiseks. Segu annab kalale m\u00f5nusa aroomi ja maitse, valmigu see grillil, ahjus v\u00f5i pannil. Ideaalne iga eestlase toidulaual. Koostisosad: sool, till, petersell, suhkur, sidrunihape, must pipar, rapsi\u00f5li, k\u00fc\u00fcslauk, sibul, kurkum, sinepipulber.<\/li>\n<li><em><em><strong>Kana maitsesool &#8211; <\/strong><\/em><\/em>See h\u00e4sti tasakaalustatud, hoolikalt valitud komponentide kooslus on loodud aromaatse ja maitseka ahju- ja grillkana valmistamiseks. Paprika, k\u00fc\u00fcslauk ja t\u00fc\u00fcmian annavad\u200b maitsele t\u00e4idlust ning Cayenne\u2019i pipar lisab teravust. Ideaalne iga eestlase toidulaual. Koostisosad: paprika, k\u00fc\u00fcslauk, meresool, t\u00fc\u00fcmian, must pipar, Cayenne\u2019i pipar.<\/li>\n<li><em><strong>Liha maitseainesegu &#8211;<\/strong><\/em> See h\u00e4sti tasakaalustatud, hoolikalt valitud komponentide kooslus on loodud aromaatse ja m\u00f5nusalt s\u00e4rtsaka ahju- ja grillsealiha valmistamiseks. Ideaalne iga eestlase toidulaual. Koostisosad: meresool, t\u0161illi, must pipar, sibul, k\u00fc\u00fcslauk, sinepiseemned, loorber, paprika, ingver, t\u00fc\u00fcmian, koriander, salvei.<\/li>\n<li><em><strong>Hakkliha maitseainesegu &#8211; <\/strong><\/em>See h\u00e4sti tasakaalustatud, hoolikalt valitud komponentide kooslus annab hakkliharoale m\u00f5nusa aroomi ja rikkaliku koduse maitse. Ideaalne iga eestlase toidulaual. Koostisosad: sibul, k\u00fc\u00fcslauk, meresool, must pipar, paprika, seller.<\/li>\n<\/ul>\n<div><\/div>\n","protected":false},"excerpt":{"rendered":"<p><strong data-start=\"72\" data-end=\"125\">Eesti Maitsed \u2013 praktiline kinkekarp igasse k\u00f6\u00f6ki<\/strong><br data-start=\"125\" data-end=\"128\" \/><em data-start=\"128\" data-end=\"270\">Kinkekarp sisaldab kuut hoolikalt valitud maitseainesegu: Liha, Kana, Kala, Kartuli, Hakkliha ja Aedvilja, et iga roog saaks erilise maitse.<\/em><\/p>\n","protected":false},"featured_media":29275,"template":"","meta":{"_monsterinsights_skip_tracking":false,"_monsterinsights_sitenote_active":false,"_monsterinsights_sitenote_note":"","_monsterinsights_sitenote_category":0,"_uf_show_specific_survey":0,"_uf_disable_surveys":false},"product_brand":[],"product_cat":[131,86],"product_tag":[],"class_list":{"0":"post-17547","1":"product","2":"type-product","3":"status-publish","4":"has-post-thumbnail","6":"product_cat-kinkekarbid","7":"product_cat-maitseainesegud","9":"first","10":"instock","11":"taxable","12":"shipping-taxable","13":"purchasable","14":"product-type-simple"},"aioseo_notices":[],"_links":{"self":[{"href":"https:\/\/vurtsid.ee\/et\/wp-json\/wp\/v2\/product\/17547","targetHints":{"allow":["GET"]}}],"collection":[{"href":"https:\/\/vurtsid.ee\/et\/wp-json\/wp\/v2\/product"}],"about":[{"href":"https:\/\/vurtsid.ee\/et\/wp-json\/wp\/v2\/types\/product"}],"version-history":[{"count":2,"href":"https:\/\/vurtsid.ee\/et\/wp-json\/wp\/v2\/product\/17547\/revisions"}],"predecessor-version":[{"id":29276,"href":"https:\/\/vurtsid.ee\/et\/wp-json\/wp\/v2\/product\/17547\/revisions\/29276"}],"wp:featuredmedia":[{"embeddable":true,"href":"https:\/\/vurtsid.ee\/et\/wp-json\/wp\/v2\/media\/29275"}],"wp:attachment":[{"href":"https:\/\/vurtsid.ee\/et\/wp-json\/wp\/v2\/media?parent=17547"}],"wp:term":[{"taxonomy":"product_brand","embeddable":true,"href":"https:\/\/vurtsid.ee\/et\/wp-json\/wp\/v2\/product_brand?post=17547"},{"taxonomy":"product_cat","embeddable":true,"href":"https:\/\/vurtsid.ee\/et\/wp-json\/wp\/v2\/product_cat?post=17547"},{"taxonomy":"product_tag","embeddable":true,"href":"https:\/\/vurtsid.ee\/et\/wp-json\/wp\/v2\/product_tag?post=17547"}],"curies":[{"name":"wp","href":"https:\/\/api.w.org\/{rel}","templated":true}]}}