{"id":9614,"date":"2023-04-25T06:31:02","date_gmt":"2023-04-25T06:31:02","guid":{"rendered":"https:\/\/vurtsid.ee\/?post_type=product&#038;p=9614"},"modified":"2026-03-09T16:06:16","modified_gmt":"2026-03-09T16:06:16","slug":"garam-masala-50g","status":"publish","type":"product","link":"https:\/\/vurtsid.ee\/et\/toode\/garam-masala-50g\/","title":{"rendered":"Garam Masala 50g"},"content":{"rendered":"","protected":false},"excerpt":{"rendered":"<p>Garam Masala on India k\u00f6\u00f6gi \u00fcks p\u00f5hilisemaid v\u00fcrtsisegusid. Segu on v\u00e4ga h\u00f5rgu aroomiga. Kasutatakse India toitude, kana, kala-ja liharoogade maitsestamiseks.<\/p>\n<p>Koostisosad: kardemon, apteegitilliseemned, v\u00fcrtsk\u00f6\u00f6mned, koriander, must pipar, t\u0161illihelbed, ingver, muskaatp\u00e4hkel, kaneelikoor.<\/p>\n","protected":false},"featured_media":29508,"template":"","meta":{"_monsterinsights_skip_tracking":false,"_monsterinsights_sitenote_active":false,"_monsterinsights_sitenote_note":"","_monsterinsights_sitenote_category":0,"_uf_show_specific_survey":0,"_uf_disable_surveys":false},"product_brand":[],"product_cat":[88,89,87],"product_tag":[],"class_list":{"0":"post-9614","1":"product","2":"type-product","3":"status-publish","4":"has-post-thumbnail","6":"product_cat-india","7":"product_cat-linnulihale","8":"product_cat-maailma-maitsed","10":"first","11":"instock","12":"taxable","13":"shipping-taxable","14":"purchasable","15":"product-type-simple"},"aioseo_notices":[],"_links":{"self":[{"href":"https:\/\/vurtsid.ee\/et\/wp-json\/wp\/v2\/product\/9614","targetHints":{"allow":["GET"]}}],"collection":[{"href":"https:\/\/vurtsid.ee\/et\/wp-json\/wp\/v2\/product"}],"about":[{"href":"https:\/\/vurtsid.ee\/et\/wp-json\/wp\/v2\/types\/product"}],"version-history":[{"count":1,"href":"https:\/\/vurtsid.ee\/et\/wp-json\/wp\/v2\/product\/9614\/revisions"}],"predecessor-version":[{"id":29016,"href":"https:\/\/vurtsid.ee\/et\/wp-json\/wp\/v2\/product\/9614\/revisions\/29016"}],"wp:featuredmedia":[{"embeddable":true,"href":"https:\/\/vurtsid.ee\/et\/wp-json\/wp\/v2\/media\/29508"}],"wp:attachment":[{"href":"https:\/\/vurtsid.ee\/et\/wp-json\/wp\/v2\/media?parent=9614"}],"wp:term":[{"taxonomy":"product_brand","embeddable":true,"href":"https:\/\/vurtsid.ee\/et\/wp-json\/wp\/v2\/product_brand?post=9614"},{"taxonomy":"product_cat","embeddable":true,"href":"https:\/\/vurtsid.ee\/et\/wp-json\/wp\/v2\/product_cat?post=9614"},{"taxonomy":"product_tag","embeddable":true,"href":"https:\/\/vurtsid.ee\/et\/wp-json\/wp\/v2\/product_tag?post=9614"}],"curies":[{"name":"wp","href":"https:\/\/api.w.org\/{rel}","templated":true}]}}