{"id":9616,"date":"2023-04-25T06:31:03","date_gmt":"2023-04-25T06:31:03","guid":{"rendered":"https:\/\/vurtsid.ee\/?post_type=product&#038;p=9616"},"modified":"2026-03-15T07:40:01","modified_gmt":"2026-03-15T07:40:01","slug":"rostitud-sibul-195g","status":"publish","type":"product","link":"https:\/\/vurtsid.ee\/et\/toode\/rostitud-sibul-195g\/","title":{"rendered":"R\u00f6stitud sibul 195g"},"content":{"rendered":"","protected":false},"excerpt":{"rendered":"<p data-start=\"472\" data-end=\"617\">R\u00f6stitud sibul on ideaalne lisand, mis muudab igap\u00e4evased road maitsvamaks. Meie <strong data-start=\"553\" data-end=\"592\">kuldpruunid, kr\u00f5bedad ja maitselt mahedad sibulahelbed<\/strong> sobivad suurep\u00e4raselt:<\/p>\n<ul data-start=\"618\" data-end=\"712\">\n<li data-section-id=\"1r2w3o9\" data-start=\"618\" data-end=\"645\">\n<p data-start=\"620\" data-end=\"645\">Suppidele ja kastmetele<\/p>\n<\/li>\n<li data-section-id=\"1d5ff7f\" data-start=\"646\" data-end=\"676\">\n<p data-start=\"648\" data-end=\"676\">Liha- ja hakkliharoogadele<\/p>\n<\/li>\n<li data-section-id=\"gso5uc\" data-start=\"677\" data-end=\"712\">\n<p data-start=\"679\" data-end=\"712\">Kartuli- ja k\u00f6\u00f6giviljatoitudele<\/p>\n<\/li>\n<\/ul>\n<p data-start=\"714\" data-end=\"891\">Lisades oma toitudele r\u00f6stitud sibulahelbeid, saad rikkaliku, s\u00fcgava maitse ja kauni kuldse v\u00e4rvuse. Need sibulahelbed on lihtne ja kiire viis anda igale roale eriline n\u00fcanss.<\/p>\n<p data-start=\"893\" data-end=\"926\"><strong data-start=\"893\" data-end=\"924\">Miks valida r\u00f6stitud sibul?<\/strong><\/p>\n<ul data-start=\"927\" data-end=\"1039\">\n<li data-section-id=\"1s2igz5\" data-start=\"927\" data-end=\"962\">\n<p data-start=\"929\" data-end=\"962\">Mahe, kuid maitsek\u00fcllane lisand<\/p>\n<\/li>\n<li data-section-id=\"4oxdzr\" data-start=\"963\" data-end=\"994\">\n<p data-start=\"965\" data-end=\"994\">Kergesti kasutada igas roas<\/p>\n<\/li>\n<li data-section-id=\"r51w03\" data-start=\"995\" data-end=\"1039\">\n<p data-start=\"997\" data-end=\"1039\">Annab toidule isu\u00e4ratava kuldse v\u00e4limuse<\/p>\n<\/li>\n<\/ul>\n<p data-start=\"1041\" data-end=\"1133\">R\u00f6stitud sibul on k\u00f6\u00f6gis mitmek\u00fclgne koostisosa, mis t\u00f5stab iga rooga j\u00e4rgmisele tasemele.<\/p>\n","protected":false},"featured_media":29842,"template":"","meta":{"_monsterinsights_skip_tracking":false,"_monsterinsights_sitenote_active":false,"_monsterinsights_sitenote_note":"","_monsterinsights_sitenote_category":0,"_uf_show_specific_survey":0,"_uf_disable_surveys":false},"product_brand":[],"product_cat":[92],"product_tag":[],"class_list":{"0":"post-9616","1":"product","2":"type-product","3":"status-publish","4":"has-post-thumbnail","6":"product_cat-rostitud","8":"first","9":"instock","10":"taxable","11":"shipping-taxable","12":"purchasable","13":"product-type-simple"},"aioseo_notices":[],"_links":{"self":[{"href":"https:\/\/vurtsid.ee\/et\/wp-json\/wp\/v2\/product\/9616","targetHints":{"allow":["GET"]}}],"collection":[{"href":"https:\/\/vurtsid.ee\/et\/wp-json\/wp\/v2\/product"}],"about":[{"href":"https:\/\/vurtsid.ee\/et\/wp-json\/wp\/v2\/types\/product"}],"version-history":[{"count":3,"href":"https:\/\/vurtsid.ee\/et\/wp-json\/wp\/v2\/product\/9616\/revisions"}],"predecessor-version":[{"id":29843,"href":"https:\/\/vurtsid.ee\/et\/wp-json\/wp\/v2\/product\/9616\/revisions\/29843"}],"wp:featuredmedia":[{"embeddable":true,"href":"https:\/\/vurtsid.ee\/et\/wp-json\/wp\/v2\/media\/29842"}],"wp:attachment":[{"href":"https:\/\/vurtsid.ee\/et\/wp-json\/wp\/v2\/media?parent=9616"}],"wp:term":[{"taxonomy":"product_brand","embeddable":true,"href":"https:\/\/vurtsid.ee\/et\/wp-json\/wp\/v2\/product_brand?post=9616"},{"taxonomy":"product_cat","embeddable":true,"href":"https:\/\/vurtsid.ee\/et\/wp-json\/wp\/v2\/product_cat?post=9616"},{"taxonomy":"product_tag","embeddable":true,"href":"https:\/\/vurtsid.ee\/et\/wp-json\/wp\/v2\/product_tag?post=9616"}],"curies":[{"name":"wp","href":"https:\/\/api.w.org\/{rel}","templated":true}]}}