{"id":9619,"date":"2023-04-25T06:31:03","date_gmt":"2023-04-25T06:31:03","guid":{"rendered":"https:\/\/vurtsid.ee\/?post_type=product&#038;p=9619"},"modified":"2026-03-04T14:54:21","modified_gmt":"2026-03-04T14:54:21","slug":"nelk-55g","status":"publish","type":"product","link":"https:\/\/vurtsid.ee\/et\/toode\/nelk-55g\/","title":{"rendered":"Nelk 30g"},"content":{"rendered":"<p><strong>\u00d5unamoos nelgiga<\/strong><br \/>\n1 kg kooritud ja t\u00fckeldatud \u00f5unu<br \/>\n200 g suhkrut<br \/>\n2\u20133 nelki<br \/>\n\u00bd tl kaneeli<br \/>\n\u00bd sidruni mahl<\/p>\n<p><strong>Valmistamine:<\/strong><\/p>\n<ol>\n<li>Lisa \u00f5unat\u00fckid potti ja sega need sidrunimahla ja suhkruga.<\/li>\n<li>Lisa nelgid ja kaneel ning lase \u00f5untel tasasel tulel pehmeks keeda, umbes 15\u201320 minutit.<\/li>\n<li>Eemalda nelgid enne moosi purki panemist ja jahutamist.<\/li>\n<\/ol>\n<p><strong>Nipp:<\/strong> Nelk on intensiivne, nii et lisa seda m\u00f5\u00f5dukalt. V\u00f5id lisada algul \u00fche nelgi ja maitsta hiljem, kas soovid rohkem v\u00fcrtsi.<\/p>\n","protected":false},"excerpt":{"rendered":"<p>Nelk on v\u00fcrtsinelgipuu kuivatatud \u00f5iepungad, mida lisatakse magusatele marinaadidele, jookidele, puuviljatoitudele ja v\u00fcrtsisegudele. Nelk sobib ka seaprae, m\u00f5nede kala- ja uluktoitude ning punase peakapsa maitsestamiseks.<\/p>\n","protected":false},"featured_media":29395,"template":"","meta":{"_monsterinsights_skip_tracking":false,"_monsterinsights_sitenote_active":false,"_monsterinsights_sitenote_note":"","_monsterinsights_sitenote_category":0,"_uf_show_specific_survey":0,"_uf_disable_surveys":false},"product_brand":[],"product_cat":[94],"product_tag":[],"class_list":{"0":"post-9619","1":"product","2":"type-product","3":"status-publish","4":"has-post-thumbnail","6":"product_cat-puhtad-maitseained","8":"first","9":"instock","10":"taxable","11":"shipping-taxable","12":"purchasable","13":"product-type-simple"},"aioseo_notices":[],"_links":{"self":[{"href":"https:\/\/vurtsid.ee\/et\/wp-json\/wp\/v2\/product\/9619","targetHints":{"allow":["GET"]}}],"collection":[{"href":"https:\/\/vurtsid.ee\/et\/wp-json\/wp\/v2\/product"}],"about":[{"href":"https:\/\/vurtsid.ee\/et\/wp-json\/wp\/v2\/types\/product"}],"version-history":[{"count":1,"href":"https:\/\/vurtsid.ee\/et\/wp-json\/wp\/v2\/product\/9619\/revisions"}],"predecessor-version":[{"id":29021,"href":"https:\/\/vurtsid.ee\/et\/wp-json\/wp\/v2\/product\/9619\/revisions\/29021"}],"wp:featuredmedia":[{"embeddable":true,"href":"https:\/\/vurtsid.ee\/et\/wp-json\/wp\/v2\/media\/29395"}],"wp:attachment":[{"href":"https:\/\/vurtsid.ee\/et\/wp-json\/wp\/v2\/media?parent=9619"}],"wp:term":[{"taxonomy":"product_brand","embeddable":true,"href":"https:\/\/vurtsid.ee\/et\/wp-json\/wp\/v2\/product_brand?post=9619"},{"taxonomy":"product_cat","embeddable":true,"href":"https:\/\/vurtsid.ee\/et\/wp-json\/wp\/v2\/product_cat?post=9619"},{"taxonomy":"product_tag","embeddable":true,"href":"https:\/\/vurtsid.ee\/et\/wp-json\/wp\/v2\/product_tag?post=9619"}],"curies":[{"name":"wp","href":"https:\/\/api.w.org\/{rel}","templated":true}]}}